{"id":84,"date":"2016-06-20T17:35:48","date_gmt":"2016-06-20T17:35:48","guid":{"rendered":"https:\/\/rev-antropologieurbana.ro\/?post_type=product&#038;p=84"},"modified":"2017-03-06T08:25:24","modified_gmt":"2017-03-06T08:25:24","slug":"rau-nr-7-2016","status":"publish","type":"product","link":"https:\/\/rev-antropologieurbana.ro\/ro\/produs\/rau-nr-7-2016\/","title":{"rendered":"RAU Nr. 7 (2016)"},"content":{"rendered":"<p>Revista de Antropologie Urban\u0103 &#8211; Nr. 7 (2016) &#8211; CUPRINS:<\/p>\n<p>EDITORIAL<\/p>\n<ul>\n<li>Periferii culturale \u00een ora\u0219e globale\u00a0 \u2013 Dr. Adrian MAJURU<\/li>\n<\/ul>\n<p>DOSAR<\/p>\n<ul>\n<li>Diversitate, conflict \u0219i cultur\u0103 \u00een antropologia global\u0103 \u2013 Andrada IVAN<\/li>\n<li>Tipologii de megaora\u0219e \u2013 Silviu BALASZ<\/li>\n<li>Procesul de urbanizare \u00een megaora\u0219ul Tokyo. O perspectiv\u0103 istoric\u0103 \u015fi cultural\u0103 \u2013 Bianca BUZDUGAN<\/li>\n<li>\u00a0Spa\u021biul urban percepe\u021bia comunit\u0103\u021bii japoneze moderne \u2013 Bogdan PETREC<\/li>\n<li>Efectele reloc\u0103rii popula\u021biei de-a lungul unui coridor de transport BRT \u2013 Ioana BREAZ<\/li>\n<li>Shared space \u2013 o nou\u0103 (re)organizare a spa\u021biului public \u0219i al ora\u0219ului \u2013 Alexandru CHIRI\u021a\u0102<\/li>\n<li>Transform\u0103rile popula\u021biei \u00een megaora\u0219e. Studiu de caz: Tokyo \u2013 Andreea CONSTANTINESCU<\/li>\n<li>Antropology tribe in the UAE. The issue key of urban anthropology \u2013 Sadieh ABDALA<\/li>\n<li>Identitatea unei comunit\u0103\u021bi informale \u2013 o tehnologie uman\u0103 \u00een Cairo \u2013 Emanuel VALCEA-PRECUP<\/li>\n<\/ul>\n<p>ANTROPOLOGIE SOCIAL\u0102<\/p>\n<ul>\n<li>Interven\u0163ii de conservare-restaurare a unei sculpturi cu valoare artistic\u0103 \u015fi istoric\u0103, bust marmur\u0103 Carol I \u2013 Aida Simona GRIGORE<\/li>\n<li>Progresul tehnologic \u0219i spa\u021biul public urban \u2013 Iulia DRAGHICI<\/li>\n<li>S\u0103rb\u0103torirea \u0219i s\u0103rb\u0103totirea Cr\u0103ciunului \u00een perioada comunist\u0103 -analiz\u0103 istorico-antropologic\u0103 \u2013 Alina-Elena DUBLEA<\/li>\n<li>Locuirea \u00een ora\u0219ul postsocialist Chi\u0219in\u0103u \u2013 Elvira PLUTA<\/li>\n<\/ul>\n<p>ANTROPOLOGIA S\u0102N\u0102T\u0102\u021aII<\/p>\n<ul>\n<li>Identitate cultural\u0103 \u015fi istorie medical\u0103 \u2013 Vizita bucure\u015ftean\u0103 a medicului legist german Fritz Strassmann, 1898 \u2013 Conf. Dr. Octavian BUDA \u0219i Prof. Asoc. Dr. Adrian MAJURU<\/li>\n<\/ul>\n","protected":false},"excerpt":{"rendered":"<p>Revista de Antropologie Urban\u0103 &#8211; Nr. 7 (2016) &#8211; CUPRINS: EDITORIAL Periferii culturale \u00een ora\u0219e globale\u00a0 \u2013 Dr. Adrian MAJURU DOSAR Diversitate, conflict \u0219i cultur\u0103 \u00een antropologia global\u0103 \u2013 Andrada IVAN Tipologii de megaora\u0219e \u2013 Silviu BALASZ Procesul de urbanizare \u00een megaora\u0219ul Tokyo. O perspectiv\u0103 istoric\u0103 \u015fi cultural\u0103 \u2013 Bianca BUZDUGAN \u00a0Spa\u021biul urban percepe\u021bia comunit\u0103\u021bii [&hellip;]<\/p>\n","protected":false},"featured_media":85,"comment_status":"open","ping_status":"closed","template":"","meta":{"_et_pb_use_builder":"","_et_pb_old_content":"","_et_gb_content_width":""},"product_brand":[],"product_cat":[13],"product_tag":[],"class_list":{"0":"post-84","1":"product","2":"type-product","3":"status-publish","4":"has-post-thumbnail","6":"product_cat-revista","7":"product_shipping_class-clasa-de-livrare-nr-1-en","9":"first","10":"instock","11":"shipping-taxable","12":"purchasable","13":"product-type-simple"},"aioseo_notices":[],"_links":{"self":[{"href":"https:\/\/rev-antropologieurbana.ro\/ro\/wp-json\/wp\/v2\/product\/84","targetHints":{"allow":["GET"]}}],"collection":[{"href":"https:\/\/rev-antropologieurbana.ro\/ro\/wp-json\/wp\/v2\/product"}],"about":[{"href":"https:\/\/rev-antropologieurbana.ro\/ro\/wp-json\/wp\/v2\/types\/product"}],"replies":[{"embeddable":true,"href":"https:\/\/rev-antropologieurbana.ro\/ro\/wp-json\/wp\/v2\/comments?post=84"}],"wp:featuredmedia":[{"embeddable":true,"href":"https:\/\/rev-antropologieurbana.ro\/ro\/wp-json\/wp\/v2\/media\/85"}],"wp:attachment":[{"href":"https:\/\/rev-antropologieurbana.ro\/ro\/wp-json\/wp\/v2\/media?parent=84"}],"wp:term":[{"taxonomy":"product_brand","embeddable":true,"href":"https:\/\/rev-antropologieurbana.ro\/ro\/wp-json\/wp\/v2\/product_brand?post=84"},{"taxonomy":"product_cat","embeddable":true,"href":"https:\/\/rev-antropologieurbana.ro\/ro\/wp-json\/wp\/v2\/product_cat?post=84"},{"taxonomy":"product_tag","embeddable":true,"href":"https:\/\/rev-antropologieurbana.ro\/ro\/wp-json\/wp\/v2\/product_tag?post=84"}],"curies":[{"name":"wp","href":"https:\/\/api.w.org\/{rel}","templated":true}]}}