{"id":718,"date":"2018-05-23T15:10:02","date_gmt":"2018-05-23T12:10:02","guid":{"rendered":"https:\/\/rev-antropologieurbana.ro\/?page_id=718"},"modified":"2018-05-23T15:12:29","modified_gmt":"2018-05-23T12:12:29","slug":"politica-utilizare-cookie","status":"publish","type":"page","link":"https:\/\/rev-antropologieurbana.ro\/ro\/politica-utilizare-cookie\/","title":{"rendered":"Politic\u0103 utilizare cookie"},"content":{"rendered":"<p>Acest site utilizeaz\u0103 cookie-uri. Folosim cookie-uri pentru a personaliza con\u021binutul \u0219i anun\u021burile, pentru a oferi func\u021bii de re\u021bele sociale \u0219i pentru a analiza traficul. De asemenea, le oferim partenerilor de re\u021bele sociale, de publicitate \u0219i de analize informa\u021bii cu privire la modul \u00een care folosi\u021bi site-ul nostru. Ace\u0219tia le pot combina cu alte informa\u021bii oferite de dvs. sau culese \u00een urma folosirii serviciilor lor. \u00cen cazul \u00een care alege\u021bi s\u0103 continua\u021bi s\u0103 utiliza\u021bi website-ul nostru, sunte\u021bi de acord cu utilizarea modulelor noastre cookie.<\/p>\n<p>Cookie-urile sunt mici fi\u015fiere de text ce pot fi utilizate de c\u0103tre site-urile web pentru a face utilizarea lor mai eficient\u0103.<\/p>\n<p>Legea stipuleaz\u0103 c\u0103 putem stoca cookie-uri pe dispozitivul dvs., \u00een cazul \u00een care ele sunt strict necesare pentru operarea acestui site. Pentru toate celelalte tipuri de cookie-uri avem nevoie de permisiunea dvs.<\/p>\n<p>Acest site utilizeaz\u0103 diferite tipuri de cookie-uri. Unele cookie-uri sunt plasate de c\u0103tre servicii p\u0103r\u0163i ter\u0163e care apar pe paginile noastre.<\/p>\n<p>Pute\u021bi, \u00een orice moment, s\u0103 modifica\u021bi sau s\u0103 v\u0103 retrage\u021bi acordul din Declara\u021bia privind modulele cookie de pe website-ul nostru.<\/p>\n<p>Afla\u021bi mai multe despre cine suntem, cum ne pute\u021bi contacta \u0219i cum proces\u0103m datele personale \u00een<a href=\"https:\/\/anticariatfarasfarsit.eu\/politica-de-confidentialitate-2\/\"> Politica noastr\u0103 de confiden\u021bialitate<\/a>.<\/p>\n<p>Consim\u0163\u0103m\u00e2ntul dvs. se aplic\u0103 urm\u0103toarelor domenii: rev-antropologieurbana.ro<\/p>\n<p>&nbsp;<\/p>\n<p>Schimba\u021bi sau retrage\u021bi consim\u021b\u0103m\u00e2ntul dumneavoastr\u0103 acces\u00e2nd <a href=\"https:\/\/anticariatfarasfarsit.eu\/setari-confidentialitate\/\">pagina set\u0103rilor de confiden\u021bialitate<\/a><\/p>\n<p>&nbsp;<\/p>\n<p>Declara\u0163ie cookie-uri:<\/p>\n<p>Necesare (6)<\/p>\n<p>Cookie-urile necesare ajut\u0103 la a face un site utilizabil prin activarea func\u0163iilor de baz\u0103, precum navigarea \u00een pagin\u0103 \u015fi accesul la zonele securizate de pe site. Site-ul nu poate func\u0163iona corespunz\u0103tor f\u0103r\u0103 aceste cookie-uri.<\/p>\n<table>\n<tbody>\n<tr>\n<td><strong>Denumire<\/strong><\/td>\n<td><strong>Furnizor<\/strong><\/td>\n<td><strong>Scop<\/strong><\/td>\n<td><strong>Expirare<\/strong><\/td>\n<td><strong>Tip<\/strong><\/td>\n<\/tr>\n<tr>\n<td>CookieConsent<\/td>\n<td>rev-antropologieurbana.ro<\/td>\n<td>Stocheaz\u0103 starea cookie-ului de consim\u021b\u0103m\u00e2nt al utilizatorului pentru acest domeniu<\/td>\n<td>1 an<\/td>\n<td>HTTP Cookie<\/td>\n<\/tr>\n<tr>\n<td>wc_cart_hash_#<\/td>\n<td>rev-antropologieurbana.ro<\/td>\n<td>Func\u021bionalitate magazin<\/td>\n<td>Sesiune<\/td>\n<td>HTML Local Storage<\/td>\n<\/tr>\n<tr>\n<td>wc_fragments_#<\/td>\n<td>rev-antropologieurbana.ro<\/td>\n<td>Func\u021bionalitate magazin<\/td>\n<td>Sesiune<\/td>\n<td>HTML Local Storage<\/td>\n<\/tr>\n<tr>\n<td>woocommerce_items_in_cart#<\/td>\n<td>rev-antropologieurbana.ro<\/td>\n<td>Func\u021bionalitate magazin<\/td>\n<td>Sesiune<\/td>\n<td>HTML Local Storage<\/td>\n<\/tr>\n<tr>\n<td>yith_wcwl_products<\/td>\n<td>rev-antropologieurbana.ro<\/td>\n<td>Func\u021bionalitate magazin<\/td>\n<td>29 zile<\/td>\n<td>HTML Local Storage<\/td>\n<\/tr>\n<tr>\n<td>woocommerce_recently_viewed<\/td>\n<td>rev-antropologieurbana.ro<\/td>\n<td>Func\u021bionalitate magazin<\/td>\n<td>Sesiune<\/td>\n<td>HTML Local Storage<\/td>\n<\/tr>\n<\/tbody>\n<\/table>\n<p>Statistici (4)<\/p>\n<p>Cookie-urile de statistic\u0103 \u00eei ajut\u0103 pe proprietarii unui site s\u0103 \u00een\u0163eleag\u0103 modul \u00een care vizitatorii interac\u0163ioneaz\u0103 cu site-urile prin colectarea \u015fi raportarea informa\u0163iilor \u00een mod anonim.<\/p>\n<table>\n<thead>\n<tr>\n<td><strong>Denumire<\/strong><\/td>\n<td><strong>Furnizor<\/strong><\/td>\n<td><strong>Scop<\/strong><\/td>\n<td><strong>Expirare<\/strong><\/td>\n<td><strong>Tip<\/strong><\/td>\n<\/tr>\n<\/thead>\n<tbody>\n<tr>\n<td>@@History\/@@scroll|#<\/td>\n<td>rev-antropologieurbana.ro<\/td>\n<td>Neclasificat<\/td>\n<td>Sesiune<\/td>\n<td>HTML Local Storage<\/td>\n<\/tr>\n<tr>\n<td>_ga<\/td>\n<td>rev-antropologieurbana.ro<\/td>\n<td>&nbsp;<\/p>\n<p>\u00cenregistreaz\u0103 un ID unic care genereaz\u0103 date statistice despre cum utilizeaz\u0103 site-ul vizitatorii.<\/td>\n<td>2 ani<\/td>\n<td>HTTP Cookie<\/td>\n<\/tr>\n<tr>\n<td>_gat<\/td>\n<td>rev-antropologieurbana.ro<\/td>\n<td>Folosit de Google Analytics pentru a controla rata de cereri.<\/td>\n<td>Sesiune<\/td>\n<td>HTTP Cookie<\/td>\n<\/tr>\n<tr>\n<td>_gid<\/td>\n<td>rev-antropologieurbana.ro<\/td>\n<td>\u00cenregistreaz\u0103 un ID unic folosit pentru a genera date statistice despre cum utilizeaz\u0103 site-ul vizitatorii.<\/td>\n<td>Sesiune<\/td>\n<td>HTTP Cookie<\/td>\n<\/tr>\n<\/tbody>\n<\/table>\n<p>Marketing (2)<\/p>\n<p>Cookie-urile de marketing sunt utilizate pentru a-i urm\u0103ri pe utilizatori de la un site la altul. Inten\u0163ia este de a afi\u015fa anun\u0163uri relevante \u015fi antrenante pentru utilizatorii individuali, a\u015fadar ele sunt mai valoroase pentru agen\u0163iile de puiblicitate \u015fi p\u0103r\u0163ile ter\u0163e care se ocup\u0103 de publicitate.<\/p>\n<table>\n<thead>\n<tr>\n<td><strong>Denumire<\/strong><\/td>\n<td><strong>Furnizor<\/strong><\/td>\n<td><strong>Scop<\/strong><\/td>\n<td><strong>Expirare<\/strong><\/td>\n<td><strong>Tip<\/strong><\/td>\n<\/tr>\n<\/thead>\n<tbody>\n<tr>\n<td>collect<\/td>\n<td>google-analytics.com<\/td>\n<td>Folosit pentru a trimite date la Google Analytics despre dispozitivul \u0219i comportamentul vizitatorului pentru canale de marketing<\/td>\n<td>Session<\/td>\n<td>Pixel Tracker<\/td>\n<\/tr>\n<tr>\n<td>impression.php\/#<\/td>\n<td>facebook.com<\/td>\n<td>Folosit de Facebook pentru a \u00eenregistra impresii pe pagini cu butonul de logare pe Facebook<\/td>\n<td>Session<\/td>\n<td>Pixel Tracker<\/td>\n<\/tr>\n<\/tbody>\n<\/table>\n<p>Neclasificate (8)<\/p>\n<p>Cookie-urile neclasificate sunt cookie-uri \u00een curs de clasificare, \u00eempreun\u0103 cu furnizorii de cookie-uri individuale.<\/p>\n<table>\n<thead>\n<tr>\n<td><strong>Denumire<\/strong><\/td>\n<td><strong>Furnizor<\/strong><\/td>\n<td><strong>Scop<\/strong><\/td>\n<td><strong>Expirare<\/strong><\/td>\n<td><strong>Tip<\/strong><\/td>\n<\/tr>\n<\/thead>\n<tbody>\n<tr>\n<td>wordpress_gdpr_adwords_allowed<\/td>\n<td>rev-antropologieurbana.ro<\/td>\n<td>Neclasificate<\/td>\n<td>179 zile<\/td>\n<td>HTTP Cookie<\/td>\n<\/tr>\n<tr>\n<td>wordpress_gdpr_analytics_allowed<\/td>\n<td>rev-antropologieurbana.ro<\/td>\n<td>Neclasificate<\/td>\n<td>179 zile<\/td>\n<td>HTTP Cookie<\/td>\n<\/tr>\n<tr>\n<td>wordpress_gdpr_cookies_allowed<\/td>\n<td>rev-antropologieurbana.ro<\/td>\n<td>Neclasificate<\/td>\n<td>179 zile<\/td>\n<td>HTTP Cookie<\/td>\n<\/tr>\n<tr>\n<td>wordpress_gdpr_cookies_declined<\/td>\n<td>rev-antropologieurbana.ro<\/td>\n<td>Neclasificate<\/td>\n<td>179 zile<\/td>\n<td>HTTP Cookie<\/td>\n<\/tr>\n<tr>\n<td>wordpress_gdpr_custom_allowed<\/td>\n<td>rev-antropologieurbana.ro<\/td>\n<td>Neclasificate<\/td>\n<td>179 zile<\/td>\n<td>HTTP Cookie<\/td>\n<\/tr>\n<tr>\n<td>wordpress_gdpr_facebook_allowed<\/td>\n<td>rev-antropologieurbana.ro<\/td>\n<td>Neclasificate<\/td>\n<td>179 zile<\/td>\n<td>HTTP Cookie<\/td>\n<\/tr>\n<tr>\n<td>wordpress_gdpr_hot_jar_allowed<\/td>\n<td>rev-antropologieurbana.ro<\/td>\n<td>Neclasificate<\/td>\n<td>179 zile<\/td>\n<td>HTTP Cookie<\/td>\n<\/tr>\n<tr>\n<td>wordpress_gdpr_tag_manager_allowed<\/td>\n<td>rev-antropologieurbana.ro<\/td>\n<td>Neclasificate<\/td>\n<td>179 zile<\/td>\n<td>HTTP Cookie<\/td>\n<\/tr>\n<\/tbody>\n<\/table>\n<p>&nbsp;<\/p>\n","protected":false},"excerpt":{"rendered":"<p>Acest site utilizeaz\u0103 cookie-uri. Folosim cookie-uri pentru a personaliza con\u021binutul \u0219i anun\u021burile, pentru a oferi func\u021bii de re\u021bele sociale \u0219i pentru a analiza traficul. De asemenea, le oferim partenerilor de re\u021bele sociale, de publicitate \u0219i de analize informa\u021bii cu privire la modul \u00een care folosi\u021bi site-ul nostru. Ace\u0219tia le pot combina cu alte informa\u021bii oferite [&hellip;]<\/p>\n","protected":false},"author":1,"featured_media":0,"parent":0,"menu_order":0,"comment_status":"closed","ping_status":"closed","template":"","meta":{"_et_pb_use_builder":"","_et_pb_old_content":"","_et_gb_content_width":"","footnotes":""},"class_list":["post-718","page","type-page","status-publish","hentry"],"aioseo_notices":[],"_links":{"self":[{"href":"https:\/\/rev-antropologieurbana.ro\/ro\/wp-json\/wp\/v2\/pages\/718","targetHints":{"allow":["GET"]}}],"collection":[{"href":"https:\/\/rev-antropologieurbana.ro\/ro\/wp-json\/wp\/v2\/pages"}],"about":[{"href":"https:\/\/rev-antropologieurbana.ro\/ro\/wp-json\/wp\/v2\/types\/page"}],"author":[{"embeddable":true,"href":"https:\/\/rev-antropologieurbana.ro\/ro\/wp-json\/wp\/v2\/users\/1"}],"replies":[{"embeddable":true,"href":"https:\/\/rev-antropologieurbana.ro\/ro\/wp-json\/wp\/v2\/comments?post=718"}],"version-history":[{"count":2,"href":"https:\/\/rev-antropologieurbana.ro\/ro\/wp-json\/wp\/v2\/pages\/718\/revisions"}],"predecessor-version":[{"id":720,"href":"https:\/\/rev-antropologieurbana.ro\/ro\/wp-json\/wp\/v2\/pages\/718\/revisions\/720"}],"wp:attachment":[{"href":"https:\/\/rev-antropologieurbana.ro\/ro\/wp-json\/wp\/v2\/media?parent=718"}],"curies":[{"name":"wp","href":"https:\/\/api.w.org\/{rel}","templated":true}]}}